{"id":176,"date":"2022-05-19T11:06:45","date_gmt":"2022-05-19T11:06:45","guid":{"rendered":"https:\/\/www.jarkabroki.cz\/?page_id=176"},"modified":"2022-11-16T13:06:13","modified_gmt":"2022-11-16T13:06:13","slug":"o-me","status":"publish","type":"page","link":"https:\/\/www.jarkabroki.cz\/?page_id=176","title":{"rendered":"O MN\u011a"},"content":{"rendered":"\n<h2 class=\"wp-block-heading\"><mark style=\"background-color:rgba(0, 0, 0, 0)\" class=\"has-inline-color has-white-color\"><strong>Tak j\u00f3, n\u011bco m\u00e1lo o moj\u00ed mali\u010dkosti<\/strong> &#8230; TO JSEM J\u00c1<\/mark><\/h2>\n\n\n\n<p><\/p>\n\n\n\n<figure class=\"wp-block-image size-large\"><img loading=\"lazy\" decoding=\"async\" width=\"1024\" height=\"880\" src=\"https:\/\/www.jarkabroki.cz\/wp-content\/uploads\/2022\/05\/39558215_10214851270489637_686064400687169536_n-1-1024x880.jpg\" alt=\"\" class=\"wp-image-187\" srcset=\"https:\/\/www.jarkabroki.cz\/wp-content\/uploads\/2022\/05\/39558215_10214851270489637_686064400687169536_n-1-1024x880.jpg 1024w, https:\/\/www.jarkabroki.cz\/wp-content\/uploads\/2022\/05\/39558215_10214851270489637_686064400687169536_n-1-300x258.jpg 300w, https:\/\/www.jarkabroki.cz\/wp-content\/uploads\/2022\/05\/39558215_10214851270489637_686064400687169536_n-1-768x660.jpg 768w, https:\/\/www.jarkabroki.cz\/wp-content\/uploads\/2022\/05\/39558215_10214851270489637_686064400687169536_n-1.jpg 1440w\" sizes=\"auto, (max-width: 1024px) 100vw, 1024px\" \/><\/figure>\n\n\n\n<p>Narozen\u00e1 25.4.1965 v ned\u011bli v p\u016fl t\u0159et\u00ed odpoledne. <\/p>\n\n\n\n<p>Jsem NE\u010eEL\u0147\u00c1TKO tudi\u017e VYVOLEN\u00c1<\/p>\n\n\n\n<p>A m\u00e1m v\u00e1m co sd\u011blit. <\/p>\n\n\n\n<p>Sta\u010d\u00ed jen sledovat videa na m\u00e9m YouTube Jarka Broki<\/p>\n\n\n\n<p><a href=\"https:\/\/www.youtube.com\/channel\/UC4NMvlS6dOaM-4NTuDTY_fQ\">https:\/\/www.youtube.com\/channel\/UC4NMvlS6dOaM-4NTuDTY_fQ<\/a><\/p>\n","protected":false},"excerpt":{"rendered":"<p>Tak j\u00f3, n\u011bco m\u00e1lo o moj\u00ed mali\u010dkosti &#8230; TO JSEM J\u00c1 Narozen\u00e1<br \/><a class=\"read-more\" href=\"https:\/\/www.jarkabroki.cz\/?page_id=176\">Read More <svg id=\"Layer\" enable-background=\"new 0 0 64 64\" height=\"512\" viewBox=\"0 0 64 64\" width=\"512\" xmlns=\"http:\/\/www.w3.org\/2000\/svg\"><path fill=\"#444\" d=\"m37.379 12.552c-.799-.761-2.066-.731-2.827.069-.762.8-.73 2.066.069 2.828l15.342 14.551h-39.963c-1.104 0-2 .896-2 2s.896 2 2 2h39.899l-15.278 14.552c-.8.762-.831 2.028-.069 2.828.393.412.92.62 1.448.62.496 0 .992-.183 1.379-.552l17.449-16.62c.756-.755 1.172-1.759 1.172-2.828s-.416-2.073-1.207-2.862z\"\/><\/svg><\/a><\/p>\n","protected":false},"author":1,"featured_media":0,"parent":0,"menu_order":0,"comment_status":"closed","ping_status":"closed","template":"","meta":{"footnotes":""},"class_list":["post-176","page","type-page","status-publish","hentry"],"_links":{"self":[{"href":"https:\/\/www.jarkabroki.cz\/index.php?rest_route=\/wp\/v2\/pages\/176","targetHints":{"allow":["GET"]}}],"collection":[{"href":"https:\/\/www.jarkabroki.cz\/index.php?rest_route=\/wp\/v2\/pages"}],"about":[{"href":"https:\/\/www.jarkabroki.cz\/index.php?rest_route=\/wp\/v2\/types\/page"}],"author":[{"embeddable":true,"href":"https:\/\/www.jarkabroki.cz\/index.php?rest_route=\/wp\/v2\/users\/1"}],"replies":[{"embeddable":true,"href":"https:\/\/www.jarkabroki.cz\/index.php?rest_route=%2Fwp%2Fv2%2Fcomments&post=176"}],"version-history":[{"count":8,"href":"https:\/\/www.jarkabroki.cz\/index.php?rest_route=\/wp\/v2\/pages\/176\/revisions"}],"predecessor-version":[{"id":272,"href":"https:\/\/www.jarkabroki.cz\/index.php?rest_route=\/wp\/v2\/pages\/176\/revisions\/272"}],"wp:attachment":[{"href":"https:\/\/www.jarkabroki.cz\/index.php?rest_route=%2Fwp%2Fv2%2Fmedia&parent=176"}],"curies":[{"name":"wp","href":"https:\/\/api.w.org\/{rel}","templated":true}]}}